{"id":144,"date":"2021-04-17T04:53:54","date_gmt":"2021-04-17T04:53:54","guid":{"rendered":"http:\/\/celeguimesouzaadvogados.adv.br\/?page_id=144"},"modified":"2021-05-06T12:53:16","modified_gmt":"2021-05-06T12:53:16","slug":"aposentadoria","status":"publish","type":"page","link":"https:\/\/celeguimesouzaadvogados.adv.br\/?page_id=144","title":{"rendered":"Aposentadoria"},"content":{"rendered":"<div  data-label=\"Content\" data-id=\"content--1\" data-export-id=\"content-12\" data-category=\"content\" class=\"content-12 content-section content-section-spacing\" id=\"content-1\" style=\"background-color: rgb(255, 255, 255);\"><div  class=\"gridContainer\"> <div  class=\"row text-center\"><div  class=\"section-title-col\" data-type=\"column\">  <p  class=\"lead\">Existem v\u00e1rias modalidades de aposentadoria:\n<br ><br >Aposentadoria por idade (homens aos 65 anos de idade e mulheres a partir de 61 anos);\n<br ><br >Aposentadoria por tempo de contribui\u00e7\u00e3o (respeitando as regras de transi\u00e7\u00e3o \u2013 ped\u00e1gio);\n<br ><br >Aposentadoria especial (atividades insalubres e perigosas);\n<br ><br >Aposentadoria do deficiente (impedimentos de longo prazo de natureza f\u00edsica, mental, intelectual ou sensorial).\n<br ><br >Depois da reforma da previd\u00eancia passou a ser ainda mais importante planejar bem esse momento e identificar o melhor benef\u00edcio.<\/p><a class=\"button blue\" href=\"https:\/\/api.whatsapp.com\/send?phone=551144448526&amp;text=Ol%C3%A1%20Celeguim%20%26%20Souza%20Advogados!\" target=\"_self\" data-cp-link=\"1\" rel=\"noopener\">ENTRE EM CONTATO AQUI\u2026<\/a><\/div> <\/div> <div  class=\"row center-xs middle-xs\"> <div  class=\"col-sm-9\" data-type=\"column\"> <\/div> <\/div><\/div> <\/div>","protected":false},"excerpt":{"rendered":"<p>Existem v\u00e1rias modalidades de aposentadoria: Aposentadoria por idade (homens aos 65 anos de idade e mulheres a partir de 61 anos); Aposentadoria por tempo de contribui\u00e7\u00e3o (respeitando as regras de transi\u00e7\u00e3o \u2013 ped\u00e1gio); Aposentadoria especial (atividades insalubres e perigosas); Aposentadoria do deficiente (impedimentos de longo prazo de natureza f\u00edsica, mental, intelectual ou sensorial). Depois da&hellip; <br \/> <a class=\"read-more\" href=\"https:\/\/celeguimesouzaadvogados.adv.br\/?page_id=144\">Leia mais<\/a><\/p>\n","protected":false},"author":1,"featured_media":0,"parent":0,"menu_order":0,"comment_status":"closed","ping_status":"closed","template":"","meta":{"footnotes":""},"class_list":["post-144","page","type-page","status-publish","hentry"],"_links":{"self":[{"href":"https:\/\/celeguimesouzaadvogados.adv.br\/index.php?rest_route=\/wp\/v2\/pages\/144","targetHints":{"allow":["GET"]}}],"collection":[{"href":"https:\/\/celeguimesouzaadvogados.adv.br\/index.php?rest_route=\/wp\/v2\/pages"}],"about":[{"href":"https:\/\/celeguimesouzaadvogados.adv.br\/index.php?rest_route=\/wp\/v2\/types\/page"}],"author":[{"embeddable":true,"href":"https:\/\/celeguimesouzaadvogados.adv.br\/index.php?rest_route=\/wp\/v2\/users\/1"}],"replies":[{"embeddable":true,"href":"https:\/\/celeguimesouzaadvogados.adv.br\/index.php?rest_route=%2Fwp%2Fv2%2Fcomments&post=144"}],"version-history":[{"count":8,"href":"https:\/\/celeguimesouzaadvogados.adv.br\/index.php?rest_route=\/wp\/v2\/pages\/144\/revisions"}],"predecessor-version":[{"id":190,"href":"https:\/\/celeguimesouzaadvogados.adv.br\/index.php?rest_route=\/wp\/v2\/pages\/144\/revisions\/190"}],"wp:attachment":[{"href":"https:\/\/celeguimesouzaadvogados.adv.br\/index.php?rest_route=%2Fwp%2Fv2%2Fmedia&parent=144"}],"curies":[{"name":"wp","href":"https:\/\/api.w.org\/{rel}","templated":true}]}}