{"id":159,"date":"2021-04-17T05:34:27","date_gmt":"2021-04-17T05:34:27","guid":{"rendered":"http:\/\/celeguimesouzaadvogados.adv.br\/?page_id=159"},"modified":"2021-05-06T12:56:41","modified_gmt":"2021-05-06T12:56:41","slug":"beneficios-por-incapacidade","status":"publish","type":"page","link":"https:\/\/celeguimesouzaadvogados.adv.br\/?page_id=159","title":{"rendered":"Benef\u00edcios por Incapacidade"},"content":{"rendered":"<div  data-label=\"Content\" data-id=\"content--1\" data-export-id=\"content-12\" data-category=\"content\" class=\"content-12 content-section content-section-spacing\" id=\"content-1\" style=\"background-color: rgb(255, 255, 255);\"><div  class=\"gridContainer\"> <div  class=\"row text-center\"><div  class=\"section-title-col\" data-type=\"column\">  <p  class=\"lead\">Existem tr\u00eas modalidades de benef\u00edcio por incapacidade:\n<br ><br >Quando a per\u00edcia m\u00e9dica concluir que a incapacidade do segurado \u00e9 apenas tempor\u00e1ria, estaremos diante da possibilidade de concess\u00e3o do benef\u00edcio de Aux\u00edlio por Incapacidade Tempor\u00e1rio (antigo Aux\u00edlio Doen\u00e7a).\n<br ><br >Por outro lado, quando a per\u00edcia m\u00e9dica concluir que a incapacidade do segurado \u00e9 permanente, nesse caso, estaremos diante da possibilidade de concess\u00e3o do benef\u00edcio de Aposentadoria por Incapacidade Permanente (antiga Aposentadoria por Invalidez).\n<br ><br >Por fim, quando o segurado sofrer um acidente de qualquer natureza (seja no \u00e2mbito dom\u00e9stico ou de trabalho) e, deste resultar sequelas que diminuem a capacidade de trabalho, estaremos diante da possibilidade de concess\u00e3o do benef\u00edcio de Aux\u00edlio Acidente.<\/p><a class=\"button blue\" href=\"https:\/\/api.whatsapp.com\/send?phone=551144448526&amp;text=Ol%C3%A1%20Celeguim%20%26%20Souza%20Advogados!\" target=\"_self\" data-cp-link=\"1\" rel=\"noopener\">ENTRE EM CONTATO AQUI\u2026<\/a><\/div> <\/div> <div  class=\"row center-xs middle-xs\"> <div  class=\"col-sm-9\" data-type=\"column\"> <\/div> <\/div><\/div> <\/div>","protected":false},"excerpt":{"rendered":"<p>Existem tr\u00eas modalidades de benef\u00edcio por incapacidade: Quando a per\u00edcia m\u00e9dica concluir que a incapacidade do segurado \u00e9 apenas tempor\u00e1ria, estaremos diante da possibilidade de concess\u00e3o do benef\u00edcio de Aux\u00edlio por Incapacidade Tempor\u00e1rio (antigo Aux\u00edlio Doen\u00e7a). Por outro lado, quando a per\u00edcia m\u00e9dica concluir que a incapacidade do segurado \u00e9 permanente, nesse caso, estaremos diante&hellip; <br \/> <a class=\"read-more\" href=\"https:\/\/celeguimesouzaadvogados.adv.br\/?page_id=159\">Leia mais<\/a><\/p>\n","protected":false},"author":1,"featured_media":0,"parent":0,"menu_order":0,"comment_status":"closed","ping_status":"closed","template":"","meta":{"footnotes":""},"class_list":["post-159","page","type-page","status-publish","hentry"],"_links":{"self":[{"href":"https:\/\/celeguimesouzaadvogados.adv.br\/index.php?rest_route=\/wp\/v2\/pages\/159","targetHints":{"allow":["GET"]}}],"collection":[{"href":"https:\/\/celeguimesouzaadvogados.adv.br\/index.php?rest_route=\/wp\/v2\/pages"}],"about":[{"href":"https:\/\/celeguimesouzaadvogados.adv.br\/index.php?rest_route=\/wp\/v2\/types\/page"}],"author":[{"embeddable":true,"href":"https:\/\/celeguimesouzaadvogados.adv.br\/index.php?rest_route=\/wp\/v2\/users\/1"}],"replies":[{"embeddable":true,"href":"https:\/\/celeguimesouzaadvogados.adv.br\/index.php?rest_route=%2Fwp%2Fv2%2Fcomments&post=159"}],"version-history":[{"count":6,"href":"https:\/\/celeguimesouzaadvogados.adv.br\/index.php?rest_route=\/wp\/v2\/pages\/159\/revisions"}],"predecessor-version":[{"id":192,"href":"https:\/\/celeguimesouzaadvogados.adv.br\/index.php?rest_route=\/wp\/v2\/pages\/159\/revisions\/192"}],"wp:attachment":[{"href":"https:\/\/celeguimesouzaadvogados.adv.br\/index.php?rest_route=%2Fwp%2Fv2%2Fmedia&parent=159"}],"curies":[{"name":"wp","href":"https:\/\/api.w.org\/{rel}","templated":true}]}}