{"id":193,"date":"2021-05-06T12:58:29","date_gmt":"2021-05-06T12:58:29","guid":{"rendered":"http:\/\/celeguimesouzaadvogados.adv.br\/?page_id=193"},"modified":"2021-05-07T13:19:14","modified_gmt":"2021-05-07T13:19:14","slug":"beneficios-para-dependentes","status":"publish","type":"page","link":"https:\/\/celeguimesouzaadvogados.adv.br\/?page_id=193","title":{"rendered":"Benef\u00edcios para Dependentes"},"content":{"rendered":"<div  data-label=\"Content\" data-id=\"content--1\" data-export-id=\"content-12\" data-category=\"content\" class=\"content-12 content-section content-section-spacing\" id=\"content-1\" style=\"background-color: rgb(255, 255, 255);\"><div  class=\"gridContainer\"> <div  class=\"row text-center\"><div  class=\"section-title-col\" data-type=\"column\">  <p  class=\"lead\">Existem duas modalidades de benef\u00edcio para os dependentes:\n<br ><br >Pens\u00e3o por morte: sempre que um segurado falecer e deixar dependentes (c\u00f4njuge\/companheiro, filhos, pais e irm\u00e3os).\n<br ><br >Aux\u00edlio Reclus\u00e3o: para os dependentes do segurado que vier a ser preso.<\/p><a class=\"button blue\" href=\"https:\/\/api.whatsapp.com\/send?phone=551144448526&amp;text=Ol%C3%A1%20Celeguim%20%26%20Souza%20Advogados!\" target=\"_self\" data-cp-link=\"1\" rel=\"noopener\">ENTRE EM CONTATO AQUI\u2026<\/a><\/div> <\/div> <div  class=\"row center-xs middle-xs\"> <div  class=\"col-sm-9\" data-type=\"column\"> <\/div> <\/div><\/div> <\/div>","protected":false},"excerpt":{"rendered":"<p>Existem duas modalidades de benef\u00edcio para os dependentes: Pens\u00e3o por morte: sempre que um segurado falecer e deixar dependentes (c\u00f4njuge\/companheiro, filhos, pais e irm\u00e3os). Aux\u00edlio Reclus\u00e3o: para os dependentes do segurado que vier a ser preso.ENTRE EM CONTATO AQUI\u2026<\/p>\n","protected":false},"author":1,"featured_media":0,"parent":0,"menu_order":0,"comment_status":"closed","ping_status":"closed","template":"","meta":{"footnotes":""},"class_list":["post-193","page","type-page","status-publish","hentry"],"_links":{"self":[{"href":"https:\/\/celeguimesouzaadvogados.adv.br\/index.php?rest_route=\/wp\/v2\/pages\/193","targetHints":{"allow":["GET"]}}],"collection":[{"href":"https:\/\/celeguimesouzaadvogados.adv.br\/index.php?rest_route=\/wp\/v2\/pages"}],"about":[{"href":"https:\/\/celeguimesouzaadvogados.adv.br\/index.php?rest_route=\/wp\/v2\/types\/page"}],"author":[{"embeddable":true,"href":"https:\/\/celeguimesouzaadvogados.adv.br\/index.php?rest_route=\/wp\/v2\/users\/1"}],"replies":[{"embeddable":true,"href":"https:\/\/celeguimesouzaadvogados.adv.br\/index.php?rest_route=%2Fwp%2Fv2%2Fcomments&post=193"}],"version-history":[{"count":3,"href":"https:\/\/celeguimesouzaadvogados.adv.br\/index.php?rest_route=\/wp\/v2\/pages\/193\/revisions"}],"predecessor-version":[{"id":211,"href":"https:\/\/celeguimesouzaadvogados.adv.br\/index.php?rest_route=\/wp\/v2\/pages\/193\/revisions\/211"}],"wp:attachment":[{"href":"https:\/\/celeguimesouzaadvogados.adv.br\/index.php?rest_route=%2Fwp%2Fv2%2Fmedia&parent=193"}],"curies":[{"name":"wp","href":"https:\/\/api.w.org\/{rel}","templated":true}]}}