{"id":4,"date":"2021-03-26T23:40:04","date_gmt":"2021-03-26T23:40:04","guid":{"rendered":"http:\/\/celeguimesouzaadvogados.adv.br\/?page_id=4"},"modified":"2026-01-22T15:27:35","modified_gmt":"2026-01-22T15:27:35","slug":"mesmerize","status":"publish","type":"page","link":"https:\/\/celeguimesouzaadvogados.adv.br\/","title":{"rendered":"Front Page"},"content":{"rendered":"<div  id=\"features-11\" class=\"features-12 content-section content-section-spacing \" style=\"background-color: #ffffff;\" data-label=\"Features\" data-id=\"features--1\" data-export-id=\"features-12\" data-category=\"features\">\n<div  class=\"gridContainer\">\n<div  class=\"row text-center\">\n<div  class=\"section-title-col\" data-type=\"column\">\n<h2  class=\"\">AVISO IMPORTANTE<\/h2>\n<p  class=\"lead\">Caros clientes, cuidado!!!\nS\u00f3 entramos em contato com voc\u00ea por nossos canais oficiais de comunica\u00e7\u00e3o.\nNunca pedimos pagamento por deposito, boleto ou pix sem pr\u00e9vio atendimento em nosso escrit\u00f3rio.\nFomos alertados nas \u00faltimas horas sobre tentativas frustradas de golpe usando nossos nomes.\nFique alerta! Celeguim &amp; Souza Advogados agradece.\n\n<\/p>\n\n<\/div>\n<\/div>\n<div  class=\"row spaced-cols\" data-type=\"row\">\n<div  class=\"col-sm-6\">\n<div  class=\"row space-bottom\">\n<div  class=\"col-sm-fit icon-column\" data-preview-empty=\"1\"><\/div>\n<div  class=\"col-sm\" data-type=\"column\"><\/div>\n<\/div>\n<\/div>\n<\/div>\n<\/div>\n<\/div><div  id=\"content-4\" class=\"content-12 content-section content-section-spacing\" style=\"background-color: #ffffff;\" data-label=\"Content\" data-id=\"content--4\" data-export-id=\"content-12\" data-category=\"content\">\n<div  class=\"gridContainer\">\n<div  class=\"row text-center\">\n<div  class=\"section-title-col\" data-type=\"column\">\n<h2  class=\"\">REFER\u00caNCIA EM DIREITO PREVIDENCI\u00c1RIO<\/h2>\n<\/div>\n<\/div>\n<div  class=\"row center-xs middle-xs\">\n<div  class=\"col-sm-9\" data-type=\"column\"><\/div>\n<\/div>\n<\/div>\n<\/div><div  id=\"about-1\" class=\"about-1 content-section\" style=\"background-color: #f5fafd;\" data-label=\"About\" data-id=\"about--1\" data-export-id=\"about-1\" data-category=\"about\">\n<div  class=\"gridContainer\">\n<div  class=\"row text-center\">\n<div  class=\"section-title-col\" data-type=\"column\">\n<h5  class=\"\">SEU ADVOGADO, MELHOR E MAIS PR\u00d3XIMO DE VOC\u00ca<\/h5>\n<h2  class=\"\">Humano, conectado, preparado&nbsp;<span  style=\"font-weight: bold; font-family: Playfair Display,sans-serif; font-style: italic;\">pra voc\u00ea<\/span><\/h2>\n<p  class=\"lead\">Em permanente observa\u00e7\u00e3o \u00e0s normas e leis vigentes, nosso escrit\u00f3rio est\u00e1 instalado com a mais moderna infra-estrutura e dotada dos mais preparados profissionais. Estamos em constante treinamento e praticando melhorias cont\u00ednuas em nossos procedimentos. Venha conferir.<\/p>\n\n<\/div>\n<\/div>\n<div  class=\"row\">\n<div  class=\"button-holder space-bottom space-bottom-small\" data-type=\"column\"><\/div>\n<div  class=\"col-xs bottom-xs flexbox image-group-bottom-3-img space-bottom-xs center-xs\"><img  decoding=\"async\" class=\"left-img shadow-large-black\" title=\"cropped-telefone-celular-e-um-laptop-na-mesa-1.jpg\" src=\"https:\/\/celeguimesouzaadvogados.adv.br\/wp-content\/uploads\/2021\/03\/cropped-telefone-celular-e-um-laptop-na-mesa-1.jpg\" alt=\"\" data-size=\"500x300\"> <img  decoding=\"async\" class=\"center-img shadow-large-black\" title=\"conceito-empresarial-com-espaco-de-copia-mesa-de-escritorio-com-foco-na-caneta-e-quadro-de-analise-computador-caderno-xicara-de-cafe-na-mesa-tons-de-entrada-filtro-retro-foc\" src=\"https:\/\/celeguimesouzaadvogados.adv.br\/wp-content\/uploads\/2021\/03\/conceito-empresarial-com-espaco-de-copia-mesa-de-escritorio-com-foco-na-caneta-e-quadro-de-analise-computador-caderno-xicara-de-cafe-na-mesa-tons-de-entrada-filtro-retro-foc.jpg\" alt=\"\" data-size=\"500x300\"> <img  decoding=\"async\" class=\"right-img shadow-large-black\" title=\"cropped-gestao.jpg\" src=\"https:\/\/celeguimesouzaadvogados.adv.br\/wp-content\/uploads\/2021\/03\/cropped-gestao.jpg\" alt=\"\" data-size=\"500x300\"><\/div>\n<\/div>\n<\/div>\n<\/div><div  id=\"features-10\" class=\"features-16-card-bordered content-section content-section-spacing\" style=\"background-color: #ffffff;\" data-label=\"Features\" data-id=\"features-16-card-bordered\" data-export-id=\"features-16-card-bordered\" data-category=\"features\">\n<div  class=\"gridContainer\">\n<div  class=\"row text-center\">\n<div  class=\"section-title-col\" data-type=\"column\">\n<h2  class=\"\">Miss\u00e3o, Vis\u00e3o e Valores<\/h2>\n<p  class=\"lead\">Nossos servi\u00e7os s\u00e3o realizados sempre com foco nas necessidades de nossos clientes, com total seguran\u00e7a e sigilo necess\u00e1rio.<\/p>\n\n<\/div>\n<\/div>\n<div  class=\"row spaced-cols\" data-type=\"row\">\n<div  class=\"col-xs-12 col-sm-6 col-md-4\">\n<div  class=\"card no-padding bordered y-move\"><img  decoding=\"async\" class=\"face\" title=\"cropped-missao.jpg\" src=\"https:\/\/celeguimesouzaadvogados.adv.br\/wp-content\/uploads\/2021\/03\/cropped-missao.jpg\" alt=\"\">\n<div  class=\"col-padding-small col-padding-small-xs description-container\" data-type=\"column\">\n<h4  class=\"font-500\">Miss\u00e3o<\/h4>\n<p  class=\"\">Satisfazer a todos os nossos clientes com um atendimento rapido e eficaz garantindo seguran\u00e7a e efic\u00e1cia em todos os servi\u00e7os prestados.<\/p>\n\n<\/div>\n<div  class=\"col-padding-small col-padding-small-xs read-more-container\" data-type=\"column\"><\/div>\n<\/div>\n<\/div>\n<div  class=\"col-xs-12 col-sm-6 col-md-4\">\n<div  class=\"card no-padding bordered y-move\"><img  decoding=\"async\" class=\"face\" title=\"cropped-visao.jpg\" src=\"https:\/\/celeguimesouzaadvogados.adv.br\/wp-content\/uploads\/2021\/03\/cropped-visao.jpg\" alt=\"\">\n<div  class=\"col-padding-small col-padding-small-xs description-container\" data-type=\"column\">\n<h4  class=\"font-500\">Vis\u00e3o<\/h4>\n<p  class=\"\">Ser reconhecido pelos nossos clientes como INDISPENS\u00c1VEL e imediatamente lembrado quando se fala em atividades jur\u00eddicas.<\/p>\n\n<\/div>\n<div  class=\"col-padding-small col-padding-small-xs read-more-container\" data-type=\"column\"><\/div>\n<\/div>\n<\/div>\n<div  class=\"col-xs-12 col-sm-6 col-md-4\">\n<div  class=\"card no-padding bordered y-move\"><img  decoding=\"async\" class=\"face\" title=\"cropped-valores.jpg\" src=\"https:\/\/celeguimesouzaadvogados.adv.br\/wp-content\/uploads\/2021\/03\/cropped-valores.jpg\" alt=\"\">\n<div  class=\"col-padding-small col-padding-small-xs description-container\" data-type=\"column\">\n<h4  class=\"font-500\">Valores<\/h4>\n<p  class=\"\">\u00c9tica.\nTranspar\u00eancia.\nResponsabilidade.\nComprometimento.<\/p>\n\n<\/div>\n<div  class=\"col-padding-small col-padding-small-xs read-more-container\" data-type=\"column\"><\/div>\n<\/div>\n<\/div>\n<\/div>\n<\/div>\n<\/div><div  id=\"cta-1\" class=\"cta-blue-section content-section content-section-spacing-medium bg-color1 white-text\" data-label=\"Cta\" data-id=\"cta-blue-section\" data-export-id=\"cta-blue-section\" data-category=\"cta\">\n<div  class=\"gridContainer\">\n<div  class=\"row middle-xs\">\n<div  class=\"col-sm-8 space-bottom-xs\" data-type=\"column\">\n<h2  class=\"\">Saiba mais sobre as \u00e1reas em que atuamos.<\/h2>\n<\/div>\n<div  class=\"col-sm-4 end-sm\" data-type=\"column\"><a class=\"button color2\" href=\"https:\/\/celeguimesouzaadvogados.adv.br?page_id=92\" target=\"_self\" rel=\"noopener\" data-cp-link=\"1\">SERVI\u00c7OS ESPECIALIZADOS EM\u2026<\/a><\/div>\n<\/div>\n<\/div>\n<\/div><div  id=\"content-1\" class=\"content-8 content-section content-section-spacing\" style=\"background-color: #f5fafd;\" data-label=\"Content\" data-id=\"content--1\" data-export-id=\"content-8\" data-category=\"content\">\n<div  class=\"gridContainer\">\n<div  class=\"row middle-sm\">\n<div  class=\"col-sm-6 space-bottom-xs space-top-xs\" data-type=\"column\"><img  decoding=\"async\" class=\"shadow-large\" title=\"cropped-direito-previdenciario.jpg\" src=\"https:\/\/celeguimesouzaadvogados.adv.br\/wp-content\/uploads\/2021\/03\/cropped-direito-previdenciario.jpg\" alt=\"\"><\/div>\n<div  class=\"col-sm-6\" data-type=\"column\">\n<h2  class=\"\">Direito Previdenci\u00e1rio<\/h2>\n<p  class=\"\">Elabora\u00e7\u00e3o de C\u00e1lculos.\nContagem de Tempo.\nAux\u00edlios por Incapacidade ou Reclus\u00e3o.\nAposentadorias (Todas as modalidades).\nPens\u00f5es por Morte.\nRevis\u00f5es de Benef\u00edcios.\nBenef\u00edcios de Presta\u00e7\u00e3o Continuada BPC-LOAS (Idoso ou Deficiente F\u00edsico).<\/p>\n\n<\/div>\n<\/div>\n<\/div>\n<\/div><div  id=\"content-2\" class=\"content-7 content-section content-section-spacing\" style=\"background-color: #ffffff;\" data-label=\"Content\" data-id=\"content--2\" data-export-id=\"content-7\" data-category=\"content\">\n<div  class=\"gridContainer\">\n<div  class=\"row middle-sm\">\n<div  class=\"col-sm-6 space-bottom-xs\" data-type=\"column\">\n<h2  class=\"\">Direito de Fam\u00edlia e Sucess\u00f5es<\/h2>\n<p  class=\"\">Investiga\u00e7\u00e3o de Paternidade\/Maternidade.\nRegulamenta\u00e7\u00f5es de Guarda e Visitas de Menores.\nPedidos de Alimentos (Pens\u00e3o Aliment\u00edcia).\nPedidos de Reconhecimento e Dissolu\u00e7\u00e3o de Uni\u00e3o Est\u00e1vel.\nPedidos de Div\u00f3rcio.\nInvent\u00e1rios e Arrolamentos de Bens Deixados.<\/p>\n\n<\/div>\n<div  class=\"col-sm-6\" data-type=\"column\"><img  decoding=\"async\" class=\"shadow-large\" title=\"cropped-direito-familia1.jpg\" src=\"https:\/\/celeguimesouzaadvogados.adv.br\/wp-content\/uploads\/2021\/03\/cropped-direito-familia1.jpg\" alt=\"\"><\/div>\n<\/div>\n<\/div>\n<\/div><div  id=\"content-3\" class=\"content-2 content-section content-section-spacing\" style=\"background-color: #f5fafd;\" data-label=\"Content\" data-id=\"content--3\" data-export-id=\"content-2\" data-category=\"content\">\n<div >\n<div  class=\"row middle-xs\">\n<div  class=\"col-sm-5 bg-image shadow-large-black\" style=\"background-image: url('https:\/\/celeguimesouzaadvogados.adv.br\/wp-content\/uploads\/2021\/03\/cropped-direito-imobiliario.jpg');\" data-bg=\"image\"><\/div>\n<div  class=\"col-sm-7 full-col-left-padding full-col-right-padding\">\n<div  class=\"row\">\n<div  class=\"space-bottom-small content-title-col\" data-type=\"column\">\n<h2  class=\"\">Direito Imobili\u00e1rio<\/h2>\n<p  class=\"\">An\u00e1lise Jur\u00eddica de Documentos visando subsidiar a formula\u00e7\u00e3o de Neg\u00f3cios e\/ou Contratos.\nIntermedia\u00e7\u00e3o T\u00e9cnica em Neg\u00f3cios Jur\u00eddicos j\u00e1 em curso visando buscar uma melhor Solu\u00e7\u00e3o Jur\u00eddica.\nRegulariza\u00e7\u00e3o de Im\u00f3veis em especial pela Usucapi\u00e3o (Extrajudicial e Judicial).<\/p>\n\n<\/div>\n<\/div>\n<div  class=\"row spaced-cols \" data-type=\"row\">\n<div  class=\"col-xs-6\" data-type=\"column\"><\/div>\n<\/div>\n<\/div>\n<\/div>\n<\/div>\n<\/div>","protected":false},"excerpt":{"rendered":"<p>AVISO IMPORTANTE Caros clientes, cuidado!!! S\u00f3 entramos em contato com voc\u00ea por nossos canais oficiais de comunica\u00e7\u00e3o. Nunca pedimos pagamento por deposito, boleto ou pix sem pr\u00e9vio atendimento em nosso escrit\u00f3rio. Fomos alertados nas \u00faltimas horas sobre tentativas frustradas de golpe usando nossos nomes. Fique alerta! Celeguim &amp; Souza Advogados agradece. REFER\u00caNCIA EM DIREITO PREVIDENCI\u00c1RIO&hellip; <br \/> <a class=\"read-more\" href=\"https:\/\/celeguimesouzaadvogados.adv.br\/\">Leia mais<\/a><\/p>\n","protected":false},"author":1,"featured_media":0,"parent":0,"menu_order":0,"comment_status":"closed","ping_status":"closed","template":"page-templates\/homepage.php","meta":{"footnotes":""},"class_list":["post-4","page","type-page","status-publish","hentry"],"_links":{"self":[{"href":"https:\/\/celeguimesouzaadvogados.adv.br\/index.php?rest_route=\/wp\/v2\/pages\/4","targetHints":{"allow":["GET"]}}],"collection":[{"href":"https:\/\/celeguimesouzaadvogados.adv.br\/index.php?rest_route=\/wp\/v2\/pages"}],"about":[{"href":"https:\/\/celeguimesouzaadvogados.adv.br\/index.php?rest_route=\/wp\/v2\/types\/page"}],"author":[{"embeddable":true,"href":"https:\/\/celeguimesouzaadvogados.adv.br\/index.php?rest_route=\/wp\/v2\/users\/1"}],"replies":[{"embeddable":true,"href":"https:\/\/celeguimesouzaadvogados.adv.br\/index.php?rest_route=%2Fwp%2Fv2%2Fcomments&post=4"}],"version-history":[{"count":22,"href":"https:\/\/celeguimesouzaadvogados.adv.br\/index.php?rest_route=\/wp\/v2\/pages\/4\/revisions"}],"predecessor-version":[{"id":395,"href":"https:\/\/celeguimesouzaadvogados.adv.br\/index.php?rest_route=\/wp\/v2\/pages\/4\/revisions\/395"}],"wp:attachment":[{"href":"https:\/\/celeguimesouzaadvogados.adv.br\/index.php?rest_route=%2Fwp%2Fv2%2Fmedia&parent=4"}],"curies":[{"name":"wp","href":"https:\/\/api.w.org\/{rel}","templated":true}]}}