{"id":86,"date":"2021-03-27T21:34:08","date_gmt":"2021-03-27T21:34:08","guid":{"rendered":"http:\/\/celeguimesouzaadvogados.adv.br\/?page_id=86"},"modified":"2024-03-06T13:28:39","modified_gmt":"2024-03-06T13:28:39","slug":"quemsomos","status":"publish","type":"page","link":"https:\/\/celeguimesouzaadvogados.adv.br\/?page_id=86","title":{"rendered":"Quem Somos"},"content":{"rendered":"<div id=\"content-3\" class=\"content-7 content-section content-section-spacing\" style=\"background-color: #f5fafd;\" data-label=\"Content\" data-id=\"content--3\" data-export-id=\"content-7\" data-category=\"content\">\n<div class=\"gridContainer\">\n<div class=\"row middle-sm\">\n<div class=\"col-sm-6 space-bottom-xs\" data-type=\"column\">\n<h2 class=\"\">Voc\u00ea em\nprimeiro lugar<\/h2>\n<p class=\"\">Angelo Celeguim Neto, advogado inscrito na Ordem dos Advogados do Brasil Se\u00e7\u00e3o S\u00e3o Paulo sob o n\u00ba 217.579. Atuando como Advogado e Consultor Jur\u00eddico desde o ano de 2005. Especialista nas \u00e1reas de Direito Previdenci\u00e1rio, Direito de Fam\u00edlia e Sucess\u00f5es e Direito Imobili\u00e1rio.<\/p>\nContatos (11) 95232-9001\n\n<\/div>\n<div class=\"col-sm-6\" data-type=\"column\"><img decoding=\"async\" class=\"shadow-large alignright\" title=\"04.1.\" src=\"https:\/\/celeguimesouzaadvogados.adv.br\/wp-content\/uploads\/2021\/06\/04.1..jpg\" alt=\"\" \/><img loading=\"lazy\" decoding=\"async\" class=\"alignright wp-image-271 size-full\" src=\"https:\/\/celeguimesouzaadvogados.adv.br\/wp-content\/uploads\/2021\/06\/cropped-08.jpg\" alt=\"\" width=\"500\" height=\"375\" srcset=\"https:\/\/celeguimesouzaadvogados.adv.br\/wp-content\/uploads\/2021\/06\/cropped-08.jpg 500w, https:\/\/celeguimesouzaadvogados.adv.br\/wp-content\/uploads\/2021\/06\/cropped-08-300x225.jpg 300w\" sizes=\"auto, (max-width: 500px) 100vw, 500px\" \/><\/div>\n<\/div>\n<\/div>\n<\/div>\n<div id=\"content-2\" class=\"content-8 content-section content-section-spacing\" style=\"background-color: #ffffff;\" data-label=\"Content\" data-id=\"content--2\" data-export-id=\"content-8\" data-category=\"content\">\n<div class=\"gridContainer\">\n<div class=\"row middle-sm\">\n<div class=\"col-sm-6 space-bottom-xs space-top-xs\" data-type=\"column\"><img decoding=\"async\" class=\"shadow-large\" title=\"cropped-05.jpg\" src=\"https:\/\/celeguimesouzaadvogados.adv.br\/wp-content\/uploads\/2021\/06\/cropped-05.jpg\" alt=\"\" \/><img loading=\"lazy\" decoding=\"async\" class=\"alignnone wp-image-230 size-full\" src=\"https:\/\/celeguimesouzaadvogados.adv.br\/wp-content\/uploads\/2021\/06\/cropped-06.jpg\" sizes=\"auto, (max-width: 500px) 100vw, 500px\" srcset=\"https:\/\/celeguimesouzaadvogados.adv.br\/wp-content\/uploads\/2021\/06\/cropped-06.jpg 500w, https:\/\/celeguimesouzaadvogados.adv.br\/wp-content\/uploads\/2021\/06\/cropped-06-300x225.jpg 300w\" alt=\"\" width=\"500\" height=\"375\" \/><\/div>\n<div class=\"col-sm-6\" data-type=\"column\">\n<p class=\"\">Zilda de Souza Mazzucatto Esteves, advogada inscrita na Ordem dos Advogados do Brasil Se\u00e7\u00e3o S\u00e3o Paulo sob o n\u00ba 290.703. Atuando como Advogada e Consultora Jur\u00eddica desde o ano de 2010. Especialista nas \u00e1reas de Direito Previdenci\u00e1rio e Direito do Trabalho.<\/p>\nContatos (11) 98405-7470\n\n<\/div>\n<\/div>\n<\/div>\n<\/div>","protected":false},"excerpt":{"rendered":"<p>Voc\u00ea em primeiro lugar Angelo Celeguim Neto, advogado inscrito na Ordem dos Advogados do Brasil Se\u00e7\u00e3o S\u00e3o Paulo sob o n\u00ba 217.579. Atuando como Advogado e Consultor Jur\u00eddico desde o ano de 2005. Especialista nas \u00e1reas de Direito Previdenci\u00e1rio, Direito de Fam\u00edlia e Sucess\u00f5es e Direito Imobili\u00e1rio. Contatos (11) 95232-9001 Zilda de Souza Mazzucatto Esteves,&hellip; <br \/> <a class=\"read-more\" href=\"https:\/\/celeguimesouzaadvogados.adv.br\/?page_id=86\">Leia mais<\/a><\/p>\n","protected":false},"author":1,"featured_media":0,"parent":0,"menu_order":0,"comment_status":"closed","ping_status":"closed","template":"","meta":{"footnotes":""},"class_list":["post-86","page","type-page","status-publish","hentry"],"_links":{"self":[{"href":"https:\/\/celeguimesouzaadvogados.adv.br\/index.php?rest_route=\/wp\/v2\/pages\/86","targetHints":{"allow":["GET"]}}],"collection":[{"href":"https:\/\/celeguimesouzaadvogados.adv.br\/index.php?rest_route=\/wp\/v2\/pages"}],"about":[{"href":"https:\/\/celeguimesouzaadvogados.adv.br\/index.php?rest_route=\/wp\/v2\/types\/page"}],"author":[{"embeddable":true,"href":"https:\/\/celeguimesouzaadvogados.adv.br\/index.php?rest_route=\/wp\/v2\/users\/1"}],"replies":[{"embeddable":true,"href":"https:\/\/celeguimesouzaadvogados.adv.br\/index.php?rest_route=%2Fwp%2Fv2%2Fcomments&post=86"}],"version-history":[{"count":49,"href":"https:\/\/celeguimesouzaadvogados.adv.br\/index.php?rest_route=\/wp\/v2\/pages\/86\/revisions"}],"predecessor-version":[{"id":382,"href":"https:\/\/celeguimesouzaadvogados.adv.br\/index.php?rest_route=\/wp\/v2\/pages\/86\/revisions\/382"}],"wp:attachment":[{"href":"https:\/\/celeguimesouzaadvogados.adv.br\/index.php?rest_route=%2Fwp%2Fv2%2Fmedia&parent=86"}],"curies":[{"name":"wp","href":"https:\/\/api.w.org\/{rel}","templated":true}]}}