{"id":92,"date":"2021-03-27T21:47:45","date_gmt":"2021-03-27T21:47:45","guid":{"rendered":"http:\/\/celeguimesouzaadvogados.adv.br\/?page_id=92"},"modified":"2021-06-14T11:26:27","modified_gmt":"2021-06-14T11:26:27","slug":"servicos","status":"publish","type":"page","link":"https:\/\/celeguimesouzaadvogados.adv.br\/?page_id=92","title":{"rendered":"Servi\u00e7os"},"content":{"rendered":"\n<div class=\"wp-block-image\"><figure class=\"aligncenter size-large\"><img loading=\"lazy\" decoding=\"async\" width=\"542\" height=\"360\" src=\"https:\/\/celeguimesouzaadvogados.adv.br\/wp-content\/uploads\/2021\/06\/cropped-01-1-2.jpg\" alt=\"\" class=\"wp-image-245\" srcset=\"https:\/\/celeguimesouzaadvogados.adv.br\/wp-content\/uploads\/2021\/06\/cropped-01-1-2.jpg 542w, https:\/\/celeguimesouzaadvogados.adv.br\/wp-content\/uploads\/2021\/06\/cropped-01-1-2-300x199.jpg 300w\" sizes=\"auto, (max-width: 542px) 100vw, 542px\" \/><\/figure><\/div>\n\n\n<div data-label=\"Features\" data-id=\"features--2\" data-export-id=\"features-13\" data-category=\"features\" class=\"features-13 content-section content-section-spacing\" id=\"features-2\" style=\"background-color: rgb(245, 250, 253);\">\n<div class=\"gridContainer\">\n<div class=\"row text-center\">\n<div class=\"section-title-col\" data-type=\"column\">\n<h2 class=\"\">PERFIL DO ESCRIT\u00d3RIO<br>S\u00edntese das Atividades<\/h2>\n<p class=\"lead\">Voltado \u00e0 presta\u00e7\u00e3o de assessoria jur\u00eddica contenciosa e consultiva, tanto para pessoas f\u00edsicas quanto para pessoas jur\u00eddicas (empresas);<\/p>\n<\/div>\n<\/div>\n<div class=\"row spaced-cols\" data-type=\"row\">\n<div class=\"col col-sm-6 col-md-3 space-bottom\"> <i class=\"fa icon color1 fa-balance-scale bordered round big\"><\/i> <p><\/p>\n<h4 class=\"\">Aposentadoria<\/h4>\n<p class=\"\">Existem v\u00e1rias modalidades: por idade, por tempo de contribui\u00e7\u00e3o e especial. Depois da reforma da previd\u00eancia passou a ser ainda mais importante planejar bem esse momento e identificar o melhor benef\u00edcio.<\/p>\n<p> <a class=\"button small y-move color2\" href=\"https:\/\/celeguimesouzaadvogados.adv.br?page_id=144\" target=\"_self\" data-cp-link=\"1\" rel=\"noopener\">LEIA MAIS<\/a><\/p>\n<\/div>\n<div class=\"col col-sm-6 col-md-3 space-bottom\"><i class=\"fa icon color1 fa-balance-scale bordered round big\"><\/i> <p><\/p>\n<h4 class=\"\">Benef\u00edcios por Incapacidade<\/h4>\n<p class=\"\">A incapacidade pode ser tempor\u00e1ria ou permanente e depende de avalia\u00e7\u00e3o por per\u00edcia m\u00e9dica.<\/p>\n<p> <a class=\"button small y-move color2\" href=\"https:\/\/celeguimesouzaadvogados.adv.br?page_id=159\" target=\"_self\" data-cp-link=\"1\" rel=\"noopener\">LEIA MAIS<\/a><\/p>\n<\/div>\n<div class=\"col col-sm-6 col-md-3 space-bottom\"><i class=\"fa icon color1 fa-balance-scale bordered round big\"><\/i> <p><\/p>\n<h4 class=\"\">Benef\u00edcios para Dependentes<\/h4>\n<p class=\"\">Existem duas modalidades de benef\u00edcio para os dependentes:<br>Pens\u00e3o por morte: sempre que um segurado falecer e deixar dependentes.<\/p>\n<p> <a class=\"button small y-move color2\" href=\"https:\/\/celeguimesouzaadvogados.adv.br?page_id=193\" target=\"_self\" data-cp-link=\"1\" rel=\"noopener\">LEIA MAIS<\/a><\/p>\n<\/div>\n<div class=\"col col-sm-6 col-md-3 space-bottom\"><i class=\"fa icon color1 fa-balance-scale bordered round big\"><\/i> <p><\/p>\n<h4 class=\"\">BPC \u2013 LOAS<\/h4>\n<p class=\"\">Existem duas modalidades do benef\u00edcio assistencial (Idoso e Deficiente):<br>Para os interessados que nunca contribu\u00edram ou n\u00e3o possuem o n\u00famero m\u00ednimo de contribui\u00e7\u00f5es previdenci\u00e1rias.&nbsp;<\/p>\n<p> <a class=\"button small y-move color2\" href=\"https:\/\/celeguimesouzaadvogados.adv.br?page_id=199\" target=\"_self\" data-cp-link=\"1\" rel=\"noopener\">LEIA MAIS<\/a><\/p>\n<\/div>\n<\/div>\n<\/div>\n<\/div>\n\n\n<p><\/p>\n\n\n\n<div class=\"wp-block-image\"><figure class=\"aligncenter size-large\"><img loading=\"lazy\" decoding=\"async\" width=\"542\" height=\"360\" src=\"https:\/\/celeguimesouzaadvogados.adv.br\/wp-content\/uploads\/2021\/06\/cropped-02.jpg\" alt=\"\" class=\"wp-image-244\" srcset=\"https:\/\/celeguimesouzaadvogados.adv.br\/wp-content\/uploads\/2021\/06\/cropped-02.jpg 542w, https:\/\/celeguimesouzaadvogados.adv.br\/wp-content\/uploads\/2021\/06\/cropped-02-300x199.jpg 300w\" sizes=\"auto, (max-width: 542px) 100vw, 542px\" \/><\/figure><\/div>\n","protected":false},"excerpt":{"rendered":"<p>PERFIL DO ESCRIT\u00d3RIOS\u00edntese das Atividades Voltado \u00e0 presta\u00e7\u00e3o de assessoria jur\u00eddica contenciosa e consultiva, tanto para pessoas f\u00edsicas quanto para pessoas jur\u00eddicas (empresas); Aposentadoria Existem v\u00e1rias modalidades: por idade, por tempo de contribui\u00e7\u00e3o e especial. Depois da reforma da previd\u00eancia passou a ser ainda mais importante planejar bem esse momento e identificar o melhor benef\u00edcio.&hellip; <br \/> <a class=\"read-more\" href=\"https:\/\/celeguimesouzaadvogados.adv.br\/?page_id=92\">Leia mais<\/a><\/p>\n","protected":false},"author":1,"featured_media":0,"parent":0,"menu_order":0,"comment_status":"closed","ping_status":"closed","template":"","meta":{"footnotes":""},"class_list":["post-92","page","type-page","status-publish","hentry"],"_links":{"self":[{"href":"https:\/\/celeguimesouzaadvogados.adv.br\/index.php?rest_route=\/wp\/v2\/pages\/92","targetHints":{"allow":["GET"]}}],"collection":[{"href":"https:\/\/celeguimesouzaadvogados.adv.br\/index.php?rest_route=\/wp\/v2\/pages"}],"about":[{"href":"https:\/\/celeguimesouzaadvogados.adv.br\/index.php?rest_route=\/wp\/v2\/types\/page"}],"author":[{"embeddable":true,"href":"https:\/\/celeguimesouzaadvogados.adv.br\/index.php?rest_route=\/wp\/v2\/users\/1"}],"replies":[{"embeddable":true,"href":"https:\/\/celeguimesouzaadvogados.adv.br\/index.php?rest_route=%2Fwp%2Fv2%2Fcomments&post=92"}],"version-history":[{"count":19,"href":"https:\/\/celeguimesouzaadvogados.adv.br\/index.php?rest_route=\/wp\/v2\/pages\/92\/revisions"}],"predecessor-version":[{"id":351,"href":"https:\/\/celeguimesouzaadvogados.adv.br\/index.php?rest_route=\/wp\/v2\/pages\/92\/revisions\/351"}],"wp:attachment":[{"href":"https:\/\/celeguimesouzaadvogados.adv.br\/index.php?rest_route=%2Fwp%2Fv2%2Fmedia&parent=92"}],"curies":[{"name":"wp","href":"https:\/\/api.w.org\/{rel}","templated":true}]}}